{"id":946,"date":"2018-10-31T09:03:43","date_gmt":"2018-10-31T11:03:43","guid":{"rendered":"https:\/\/5ci.lt\/grupe\/contacts\/"},"modified":"2025-02-11T10:49:57","modified_gmt":"2025-02-11T12:49:57","slug":"contacts","status":"publish","type":"page","link":"https:\/\/5ci.lt\/en\/group\/contacts\/","title":{"rendered":"Contacts"},"content":{"rendered":"","protected":false},"excerpt":{"rendered":"","protected":false},"author":1,"featured_media":0,"parent":913,"menu_order":19,"comment_status":"closed","ping_status":"closed","template":"templates\/contacts.php","meta":{"_acf_changed":false,"footnotes":""},"class_list":["post-946","page","type-page","status-publish","hentry"],"acf":[],"yoast_head":"<!-- This site is optimized with the Yoast SEO plugin v24.9 - https:\/\/yoast.com\/wordpress\/plugins\/seo\/ -->\n<title>Contacts - Penki kontinentai<\/title>\n<meta name=\"description\" content=\"\u012emoni\u0173 Grup\u0117s \u201ePenki Kontinentai\u201c kontaktai. Susisiekite su mumis.\" \/>\n<meta name=\"robots\" content=\"index, follow, max-snippet:-1, max-image-preview:large, max-video-preview:-1\" \/>\n<link rel=\"canonical\" href=\"https:\/\/5ci.lt\/en\/group\/contacts\/\" \/>\n<meta property=\"og:locale\" content=\"en_US\" \/>\n<meta property=\"og:type\" content=\"article\" \/>\n<meta property=\"og:title\" content=\"Contacts - Penki kontinentai\" \/>\n<meta property=\"og:description\" content=\"\u012emoni\u0173 Grup\u0117s \u201ePenki Kontinentai\u201c kontaktai. Susisiekite su mumis.\" \/>\n<meta property=\"og:url\" content=\"https:\/\/5ci.lt\/en\/group\/contacts\/\" \/>\n<meta property=\"og:site_name\" content=\"Penki kontinentai\" \/>\n<meta property=\"article:modified_time\" content=\"2025-02-11T12:49:57+00:00\" \/>\n<meta name=\"twitter:card\" content=\"summary_large_image\" \/>\n<script type=\"application\/ld+json\" class=\"yoast-schema-graph\">{\"@context\":\"https:\/\/schema.org\",\"@graph\":[{\"@type\":\"WebPage\",\"@id\":\"https:\/\/5ci.lt\/en\/group\/contacts\/\",\"url\":\"https:\/\/5ci.lt\/en\/group\/contacts\/\",\"name\":\"Contacts - Penki kontinentai\",\"isPartOf\":{\"@id\":\"https:\/\/5ci.lt\/#website\"},\"datePublished\":\"2018-10-31T11:03:43+00:00\",\"dateModified\":\"2025-02-11T12:49:57+00:00\",\"description\":\"\u012emoni\u0173 Grup\u0117s \u201ePenki Kontinentai\u201c kontaktai. Susisiekite su mumis.\",\"breadcrumb\":{\"@id\":\"https:\/\/5ci.lt\/en\/group\/contacts\/#breadcrumb\"},\"inLanguage\":\"en-US\",\"potentialAction\":[{\"@type\":\"ReadAction\",\"target\":[\"https:\/\/5ci.lt\/en\/group\/contacts\/\"]}]},{\"@type\":\"BreadcrumbList\",\"@id\":\"https:\/\/5ci.lt\/en\/group\/contacts\/#breadcrumb\",\"itemListElement\":[{\"@type\":\"ListItem\",\"position\":1,\"name\":\"Home\",\"item\":\"https:\/\/5ci.lt\/en\/\"},{\"@type\":\"ListItem\",\"position\":2,\"name\":\"About Group\",\"item\":\"https:\/\/5ci.lt\/en\/group\/\"},{\"@type\":\"ListItem\",\"position\":3,\"name\":\"Contacts\"}]},{\"@type\":\"WebSite\",\"@id\":\"https:\/\/5ci.lt\/#website\",\"url\":\"https:\/\/5ci.lt\/\",\"name\":\"Penki kontinentai\",\"description\":\"Mes sujungiame kontinentus\",\"publisher\":{\"@id\":\"https:\/\/5ci.lt\/#organization\"},\"potentialAction\":[{\"@type\":\"SearchAction\",\"target\":{\"@type\":\"EntryPoint\",\"urlTemplate\":\"https:\/\/5ci.lt\/?s={search_term_string}\"},\"query-input\":{\"@type\":\"PropertyValueSpecification\",\"valueRequired\":true,\"valueName\":\"search_term_string\"}}],\"inLanguage\":\"en-US\"},{\"@type\":\"Organization\",\"@id\":\"https:\/\/5ci.lt\/#organization\",\"name\":\"Penki kontinentai\",\"url\":\"https:\/\/5ci.lt\/\",\"logo\":{\"@type\":\"ImageObject\",\"inLanguage\":\"en-US\",\"@id\":\"https:\/\/5ci.lt\/#\/schema\/logo\/image\/\",\"url\":\"https:\/\/5ci.lt\/wp-content\/uploads\/2018\/10\/cropped-logo.png\",\"contentUrl\":\"https:\/\/5ci.lt\/wp-content\/uploads\/2018\/10\/cropped-logo.png\",\"width\":91,\"height\":110,\"caption\":\"Penki kontinentai\"},\"image\":{\"@id\":\"https:\/\/5ci.lt\/#\/schema\/logo\/image\/\"}}]}<\/script>\n<!-- \/ Yoast SEO plugin. -->","yoast_head_json":{"title":"Contacts - Penki kontinentai","description":"\u012emoni\u0173 Grup\u0117s \u201ePenki Kontinentai\u201c kontaktai. Susisiekite su mumis.","robots":{"index":"index","follow":"follow","max-snippet":"max-snippet:-1","max-image-preview":"max-image-preview:large","max-video-preview":"max-video-preview:-1"},"canonical":"https:\/\/5ci.lt\/en\/group\/contacts\/","og_locale":"en_US","og_type":"article","og_title":"Contacts - Penki kontinentai","og_description":"\u012emoni\u0173 Grup\u0117s \u201ePenki Kontinentai\u201c kontaktai. Susisiekite su mumis.","og_url":"https:\/\/5ci.lt\/en\/group\/contacts\/","og_site_name":"Penki kontinentai","article_modified_time":"2025-02-11T12:49:57+00:00","twitter_card":"summary_large_image","schema":{"@context":"https:\/\/schema.org","@graph":[{"@type":"WebPage","@id":"https:\/\/5ci.lt\/en\/group\/contacts\/","url":"https:\/\/5ci.lt\/en\/group\/contacts\/","name":"Contacts - Penki kontinentai","isPartOf":{"@id":"https:\/\/5ci.lt\/#website"},"datePublished":"2018-10-31T11:03:43+00:00","dateModified":"2025-02-11T12:49:57+00:00","description":"\u012emoni\u0173 Grup\u0117s \u201ePenki Kontinentai\u201c kontaktai. Susisiekite su mumis.","breadcrumb":{"@id":"https:\/\/5ci.lt\/en\/group\/contacts\/#breadcrumb"},"inLanguage":"en-US","potentialAction":[{"@type":"ReadAction","target":["https:\/\/5ci.lt\/en\/group\/contacts\/"]}]},{"@type":"BreadcrumbList","@id":"https:\/\/5ci.lt\/en\/group\/contacts\/#breadcrumb","itemListElement":[{"@type":"ListItem","position":1,"name":"Home","item":"https:\/\/5ci.lt\/en\/"},{"@type":"ListItem","position":2,"name":"About Group","item":"https:\/\/5ci.lt\/en\/group\/"},{"@type":"ListItem","position":3,"name":"Contacts"}]},{"@type":"WebSite","@id":"https:\/\/5ci.lt\/#website","url":"https:\/\/5ci.lt\/","name":"Penki kontinentai","description":"Mes sujungiame kontinentus","publisher":{"@id":"https:\/\/5ci.lt\/#organization"},"potentialAction":[{"@type":"SearchAction","target":{"@type":"EntryPoint","urlTemplate":"https:\/\/5ci.lt\/?s={search_term_string}"},"query-input":{"@type":"PropertyValueSpecification","valueRequired":true,"valueName":"search_term_string"}}],"inLanguage":"en-US"},{"@type":"Organization","@id":"https:\/\/5ci.lt\/#organization","name":"Penki kontinentai","url":"https:\/\/5ci.lt\/","logo":{"@type":"ImageObject","inLanguage":"en-US","@id":"https:\/\/5ci.lt\/#\/schema\/logo\/image\/","url":"https:\/\/5ci.lt\/wp-content\/uploads\/2018\/10\/cropped-logo.png","contentUrl":"https:\/\/5ci.lt\/wp-content\/uploads\/2018\/10\/cropped-logo.png","width":91,"height":110,"caption":"Penki kontinentai"},"image":{"@id":"https:\/\/5ci.lt\/#\/schema\/logo\/image\/"}}]}},"_links":{"self":[{"href":"https:\/\/5ci.lt\/en\/wp-json\/wp\/v2\/pages\/946","targetHints":{"allow":["GET"]}}],"collection":[{"href":"https:\/\/5ci.lt\/en\/wp-json\/wp\/v2\/pages"}],"about":[{"href":"https:\/\/5ci.lt\/en\/wp-json\/wp\/v2\/types\/page"}],"author":[{"embeddable":true,"href":"https:\/\/5ci.lt\/en\/wp-json\/wp\/v2\/users\/1"}],"replies":[{"embeddable":true,"href":"https:\/\/5ci.lt\/en\/wp-json\/wp\/v2\/comments?post=946"}],"version-history":[{"count":25,"href":"https:\/\/5ci.lt\/en\/wp-json\/wp\/v2\/pages\/946\/revisions"}],"predecessor-version":[{"id":2422,"href":"https:\/\/5ci.lt\/en\/wp-json\/wp\/v2\/pages\/946\/revisions\/2422"}],"up":[{"embeddable":true,"href":"https:\/\/5ci.lt\/en\/wp-json\/wp\/v2\/pages\/913"}],"wp:attachment":[{"href":"https:\/\/5ci.lt\/en\/wp-json\/wp\/v2\/media?parent=946"}],"curies":[{"name":"wp","href":"https:\/\/api.w.org\/{rel}","templated":true}]}}