{"id":1048,"date":"2018-10-31T09:03:43","date_gmt":"2018-10-31T11:03:43","guid":{"rendered":"https:\/\/5ci.lt\/grupe\/contacts\/"},"modified":"2025-02-11T10:51:17","modified_gmt":"2025-02-11T12:51:17","slug":"kontakty","status":"publish","type":"page","link":"https:\/\/5ci.lt\/ru\/gruppa\/kontakty\/","title":{"rendered":"\u041a\u043e\u043d\u0442\u0430\u043a\u0442\u043d\u0430\u044f \u0438\u043d\u0444\u043e\u0440\u043c\u0430\u0446\u0438\u044f"},"content":{"rendered":"","protected":false},"excerpt":{"rendered":"","protected":false},"author":1,"featured_media":0,"parent":1044,"menu_order":19,"comment_status":"closed","ping_status":"closed","template":"templates\/contacts.php","meta":{"_acf_changed":false,"footnotes":""},"class_list":["post-1048","page","type-page","status-publish","hentry"],"acf":[],"yoast_head":"<!-- This site is optimized with the Yoast SEO plugin v24.9 - https:\/\/yoast.com\/wordpress\/plugins\/seo\/ -->\n<title>\u041a\u043e\u043d\u0442\u0430\u043a\u0442\u043d\u0430\u044f \u0438\u043d\u0444\u043e\u0440\u043c\u0430\u0446\u0438\u044f - Penki kontinentai<\/title>\n<meta name=\"description\" content=\"\u012emoni\u0173 Grup\u0117s \u201ePenki Kontinentai\u201c kontaktai. Susisiekite su mumis.\" \/>\n<meta name=\"robots\" content=\"index, follow, max-snippet:-1, max-image-preview:large, max-video-preview:-1\" \/>\n<link rel=\"canonical\" href=\"https:\/\/5ci.lt\/ru\/gruppa\/kontakty\/\" \/>\n<meta property=\"og:locale\" content=\"ru_RU\" \/>\n<meta property=\"og:type\" content=\"article\" \/>\n<meta property=\"og:title\" content=\"\u041a\u043e\u043d\u0442\u0430\u043a\u0442\u043d\u0430\u044f \u0438\u043d\u0444\u043e\u0440\u043c\u0430\u0446\u0438\u044f - Penki kontinentai\" \/>\n<meta property=\"og:description\" content=\"\u012emoni\u0173 Grup\u0117s \u201ePenki Kontinentai\u201c kontaktai. Susisiekite su mumis.\" \/>\n<meta property=\"og:url\" content=\"https:\/\/5ci.lt\/ru\/gruppa\/kontakty\/\" \/>\n<meta property=\"og:site_name\" content=\"Penki kontinentai\" \/>\n<meta property=\"article:modified_time\" content=\"2025-02-11T12:51:17+00:00\" \/>\n<meta name=\"twitter:card\" content=\"summary_large_image\" \/>\n<script type=\"application\/ld+json\" class=\"yoast-schema-graph\">{\"@context\":\"https:\/\/schema.org\",\"@graph\":[{\"@type\":\"WebPage\",\"@id\":\"https:\/\/5ci.lt\/ru\/gruppa\/kontakty\/\",\"url\":\"https:\/\/5ci.lt\/ru\/gruppa\/kontakty\/\",\"name\":\"\u041a\u043e\u043d\u0442\u0430\u043a\u0442\u043d\u0430\u044f \u0438\u043d\u0444\u043e\u0440\u043c\u0430\u0446\u0438\u044f - Penki kontinentai\",\"isPartOf\":{\"@id\":\"https:\/\/5ci.lt\/#website\"},\"datePublished\":\"2018-10-31T11:03:43+00:00\",\"dateModified\":\"2025-02-11T12:51:17+00:00\",\"description\":\"\u012emoni\u0173 Grup\u0117s \u201ePenki Kontinentai\u201c kontaktai. Susisiekite su mumis.\",\"breadcrumb\":{\"@id\":\"https:\/\/5ci.lt\/ru\/gruppa\/kontakty\/#breadcrumb\"},\"inLanguage\":\"ru-RU\",\"potentialAction\":[{\"@type\":\"ReadAction\",\"target\":[\"https:\/\/5ci.lt\/ru\/gruppa\/kontakty\/\"]}]},{\"@type\":\"BreadcrumbList\",\"@id\":\"https:\/\/5ci.lt\/ru\/gruppa\/kontakty\/#breadcrumb\",\"itemListElement\":[{\"@type\":\"ListItem\",\"position\":1,\"name\":\"\u041d\u0430\u0447\u0430\u043b\u043e\",\"item\":\"https:\/\/5ci.lt\/ru\/\"},{\"@type\":\"ListItem\",\"position\":2,\"name\":\"\u041e \u0433\u0440\u0443\u043f\u043f\u0435 \u043a\u043e\u043c\u043f\u0430\u043d\u0438\u0439\",\"item\":\"https:\/\/5ci.lt\/ru\/gruppa\/\"},{\"@type\":\"ListItem\",\"position\":3,\"name\":\"\u041a\u043e\u043d\u0442\u0430\u043a\u0442\u043d\u0430\u044f \u0438\u043d\u0444\u043e\u0440\u043c\u0430\u0446\u0438\u044f\"}]},{\"@type\":\"WebSite\",\"@id\":\"https:\/\/5ci.lt\/#website\",\"url\":\"https:\/\/5ci.lt\/\",\"name\":\"Penki kontinentai\",\"description\":\"Mes sujungiame kontinentus\",\"publisher\":{\"@id\":\"https:\/\/5ci.lt\/#organization\"},\"potentialAction\":[{\"@type\":\"SearchAction\",\"target\":{\"@type\":\"EntryPoint\",\"urlTemplate\":\"https:\/\/5ci.lt\/?s={search_term_string}\"},\"query-input\":{\"@type\":\"PropertyValueSpecification\",\"valueRequired\":true,\"valueName\":\"search_term_string\"}}],\"inLanguage\":\"ru-RU\"},{\"@type\":\"Organization\",\"@id\":\"https:\/\/5ci.lt\/#organization\",\"name\":\"Penki kontinentai\",\"url\":\"https:\/\/5ci.lt\/\",\"logo\":{\"@type\":\"ImageObject\",\"inLanguage\":\"ru-RU\",\"@id\":\"https:\/\/5ci.lt\/#\/schema\/logo\/image\/\",\"url\":\"https:\/\/5ci.lt\/wp-content\/uploads\/2018\/10\/cropped-logo.png\",\"contentUrl\":\"https:\/\/5ci.lt\/wp-content\/uploads\/2018\/10\/cropped-logo.png\",\"width\":91,\"height\":110,\"caption\":\"Penki kontinentai\"},\"image\":{\"@id\":\"https:\/\/5ci.lt\/#\/schema\/logo\/image\/\"}}]}<\/script>\n<!-- \/ Yoast SEO plugin. -->","yoast_head_json":{"title":"\u041a\u043e\u043d\u0442\u0430\u043a\u0442\u043d\u0430\u044f \u0438\u043d\u0444\u043e\u0440\u043c\u0430\u0446\u0438\u044f - Penki kontinentai","description":"\u012emoni\u0173 Grup\u0117s \u201ePenki Kontinentai\u201c kontaktai. Susisiekite su mumis.","robots":{"index":"index","follow":"follow","max-snippet":"max-snippet:-1","max-image-preview":"max-image-preview:large","max-video-preview":"max-video-preview:-1"},"canonical":"https:\/\/5ci.lt\/ru\/gruppa\/kontakty\/","og_locale":"ru_RU","og_type":"article","og_title":"\u041a\u043e\u043d\u0442\u0430\u043a\u0442\u043d\u0430\u044f \u0438\u043d\u0444\u043e\u0440\u043c\u0430\u0446\u0438\u044f - Penki kontinentai","og_description":"\u012emoni\u0173 Grup\u0117s \u201ePenki Kontinentai\u201c kontaktai. Susisiekite su mumis.","og_url":"https:\/\/5ci.lt\/ru\/gruppa\/kontakty\/","og_site_name":"Penki kontinentai","article_modified_time":"2025-02-11T12:51:17+00:00","twitter_card":"summary_large_image","schema":{"@context":"https:\/\/schema.org","@graph":[{"@type":"WebPage","@id":"https:\/\/5ci.lt\/ru\/gruppa\/kontakty\/","url":"https:\/\/5ci.lt\/ru\/gruppa\/kontakty\/","name":"\u041a\u043e\u043d\u0442\u0430\u043a\u0442\u043d\u0430\u044f \u0438\u043d\u0444\u043e\u0440\u043c\u0430\u0446\u0438\u044f - Penki kontinentai","isPartOf":{"@id":"https:\/\/5ci.lt\/#website"},"datePublished":"2018-10-31T11:03:43+00:00","dateModified":"2025-02-11T12:51:17+00:00","description":"\u012emoni\u0173 Grup\u0117s \u201ePenki Kontinentai\u201c kontaktai. Susisiekite su mumis.","breadcrumb":{"@id":"https:\/\/5ci.lt\/ru\/gruppa\/kontakty\/#breadcrumb"},"inLanguage":"ru-RU","potentialAction":[{"@type":"ReadAction","target":["https:\/\/5ci.lt\/ru\/gruppa\/kontakty\/"]}]},{"@type":"BreadcrumbList","@id":"https:\/\/5ci.lt\/ru\/gruppa\/kontakty\/#breadcrumb","itemListElement":[{"@type":"ListItem","position":1,"name":"\u041d\u0430\u0447\u0430\u043b\u043e","item":"https:\/\/5ci.lt\/ru\/"},{"@type":"ListItem","position":2,"name":"\u041e \u0433\u0440\u0443\u043f\u043f\u0435 \u043a\u043e\u043c\u043f\u0430\u043d\u0438\u0439","item":"https:\/\/5ci.lt\/ru\/gruppa\/"},{"@type":"ListItem","position":3,"name":"\u041a\u043e\u043d\u0442\u0430\u043a\u0442\u043d\u0430\u044f \u0438\u043d\u0444\u043e\u0440\u043c\u0430\u0446\u0438\u044f"}]},{"@type":"WebSite","@id":"https:\/\/5ci.lt\/#website","url":"https:\/\/5ci.lt\/","name":"Penki kontinentai","description":"Mes sujungiame kontinentus","publisher":{"@id":"https:\/\/5ci.lt\/#organization"},"potentialAction":[{"@type":"SearchAction","target":{"@type":"EntryPoint","urlTemplate":"https:\/\/5ci.lt\/?s={search_term_string}"},"query-input":{"@type":"PropertyValueSpecification","valueRequired":true,"valueName":"search_term_string"}}],"inLanguage":"ru-RU"},{"@type":"Organization","@id":"https:\/\/5ci.lt\/#organization","name":"Penki kontinentai","url":"https:\/\/5ci.lt\/","logo":{"@type":"ImageObject","inLanguage":"ru-RU","@id":"https:\/\/5ci.lt\/#\/schema\/logo\/image\/","url":"https:\/\/5ci.lt\/wp-content\/uploads\/2018\/10\/cropped-logo.png","contentUrl":"https:\/\/5ci.lt\/wp-content\/uploads\/2018\/10\/cropped-logo.png","width":91,"height":110,"caption":"Penki kontinentai"},"image":{"@id":"https:\/\/5ci.lt\/#\/schema\/logo\/image\/"}}]}},"_links":{"self":[{"href":"https:\/\/5ci.lt\/ru\/wp-json\/wp\/v2\/pages\/1048","targetHints":{"allow":["GET"]}}],"collection":[{"href":"https:\/\/5ci.lt\/ru\/wp-json\/wp\/v2\/pages"}],"about":[{"href":"https:\/\/5ci.lt\/ru\/wp-json\/wp\/v2\/types\/page"}],"author":[{"embeddable":true,"href":"https:\/\/5ci.lt\/ru\/wp-json\/wp\/v2\/users\/1"}],"replies":[{"embeddable":true,"href":"https:\/\/5ci.lt\/ru\/wp-json\/wp\/v2\/comments?post=1048"}],"version-history":[{"count":30,"href":"https:\/\/5ci.lt\/ru\/wp-json\/wp\/v2\/pages\/1048\/revisions"}],"predecessor-version":[{"id":2424,"href":"https:\/\/5ci.lt\/ru\/wp-json\/wp\/v2\/pages\/1048\/revisions\/2424"}],"up":[{"embeddable":true,"href":"https:\/\/5ci.lt\/ru\/wp-json\/wp\/v2\/pages\/1044"}],"wp:attachment":[{"href":"https:\/\/5ci.lt\/ru\/wp-json\/wp\/v2\/media?parent=1048"}],"curies":[{"name":"wp","href":"https:\/\/api.w.org\/{rel}","templated":true}]}}