{"id":1085,"date":"2018-10-31T05:48:21","date_gmt":"2018-10-31T07:48:21","guid":{"rendered":"https:\/\/5ci.lt\/main\/"},"modified":"2024-07-12T05:18:58","modified_gmt":"2024-07-12T07:18:58","slug":"main","status":"publish","type":"page","link":"https:\/\/5ci.lt\/ru\/","title":{"rendered":"\u041c\u044b \u043e\u0431\u044a\u0435\u0434\u0438\u043d\u044f\u0435\u043c \u043a\u043e\u043d\u0442\u0438\u043d\u0435\u043d\u0442\u044b"},"content":{"rendered":"","protected":false},"excerpt":{"rendered":"","protected":false},"author":1,"featured_media":0,"parent":0,"menu_order":24,"comment_status":"closed","ping_status":"closed","template":"templates\/page-main.php","meta":{"_acf_changed":false,"footnotes":""},"class_list":["post-1085","page","type-page","status-publish","hentry"],"acf":[],"yoast_head":"<!-- This site is optimized with the Yoast SEO plugin v24.9 - https:\/\/yoast.com\/wordpress\/plugins\/seo\/ -->\n<title>\u041c\u044b \u043e\u0431\u044a\u0435\u0434\u0438\u043d\u044f\u0435\u043c \u043a\u043e\u043d\u0442\u0438\u043d\u0435\u043d\u0442\u044b - Penki kontinentai<\/title>\n<meta name=\"description\" content=\"Bankin\u0117s technologijos, inovatyvios mok\u0117jimo sistemos, \u0161viesolaidinio interneto, IPTV ir IT sprendimai. Mes sujungiame kontinentus!\" \/>\n<meta name=\"robots\" content=\"index, follow, max-snippet:-1, max-image-preview:large, max-video-preview:-1\" \/>\n<link rel=\"canonical\" href=\"https:\/\/5ci.lt\/ru\/\" \/>\n<meta property=\"og:locale\" content=\"ru_RU\" \/>\n<meta property=\"og:type\" content=\"article\" \/>\n<meta property=\"og:title\" content=\"\u041c\u044b \u043e\u0431\u044a\u0435\u0434\u0438\u043d\u044f\u0435\u043c \u043a\u043e\u043d\u0442\u0438\u043d\u0435\u043d\u0442\u044b - Penki kontinentai\" \/>\n<meta property=\"og:description\" content=\"Bankin\u0117s technologijos, inovatyvios mok\u0117jimo sistemos, \u0161viesolaidinio interneto, IPTV ir IT sprendimai. Mes sujungiame kontinentus!\" \/>\n<meta property=\"og:url\" content=\"https:\/\/5ci.lt\/ru\/\" \/>\n<meta property=\"og:site_name\" content=\"Penki kontinentai\" \/>\n<meta property=\"article:modified_time\" content=\"2024-07-12T07:18:58+00:00\" \/>\n<meta name=\"twitter:card\" content=\"summary_large_image\" \/>\n<script type=\"application\/ld+json\" class=\"yoast-schema-graph\">{\"@context\":\"https:\/\/schema.org\",\"@graph\":[{\"@type\":\"WebPage\",\"@id\":\"https:\/\/5ci.lt\/ru\/\",\"url\":\"https:\/\/5ci.lt\/ru\/\",\"name\":\"\u041c\u044b \u043e\u0431\u044a\u0435\u0434\u0438\u043d\u044f\u0435\u043c \u043a\u043e\u043d\u0442\u0438\u043d\u0435\u043d\u0442\u044b - Penki kontinentai\",\"isPartOf\":{\"@id\":\"https:\/\/5ci.lt\/#website\"},\"datePublished\":\"2018-10-31T07:48:21+00:00\",\"dateModified\":\"2024-07-12T07:18:58+00:00\",\"description\":\"Bankin\u0117s technologijos, inovatyvios mok\u0117jimo sistemos, \u0161viesolaidinio interneto, IPTV ir IT sprendimai. Mes sujungiame kontinentus!\",\"breadcrumb\":{\"@id\":\"https:\/\/5ci.lt\/ru\/#breadcrumb\"},\"inLanguage\":\"ru-RU\",\"potentialAction\":[{\"@type\":\"ReadAction\",\"target\":[\"https:\/\/5ci.lt\/ru\/\"]}]},{\"@type\":\"BreadcrumbList\",\"@id\":\"https:\/\/5ci.lt\/ru\/#breadcrumb\",\"itemListElement\":[{\"@type\":\"ListItem\",\"position\":1,\"name\":\"\u041d\u0430\u0447\u0430\u043b\u043e\",\"item\":\"https:\/\/5ci.lt\/ru\/\"},{\"@type\":\"ListItem\",\"position\":2,\"name\":\"Pagrindinis\"}]},{\"@type\":\"WebSite\",\"@id\":\"https:\/\/5ci.lt\/#website\",\"url\":\"https:\/\/5ci.lt\/\",\"name\":\"Penki kontinentai\",\"description\":\"Mes sujungiame kontinentus\",\"publisher\":{\"@id\":\"https:\/\/5ci.lt\/#organization\"},\"potentialAction\":[{\"@type\":\"SearchAction\",\"target\":{\"@type\":\"EntryPoint\",\"urlTemplate\":\"https:\/\/5ci.lt\/?s={search_term_string}\"},\"query-input\":{\"@type\":\"PropertyValueSpecification\",\"valueRequired\":true,\"valueName\":\"search_term_string\"}}],\"inLanguage\":\"ru-RU\"},{\"@type\":\"Organization\",\"@id\":\"https:\/\/5ci.lt\/#organization\",\"name\":\"Penki kontinentai\",\"url\":\"https:\/\/5ci.lt\/\",\"logo\":{\"@type\":\"ImageObject\",\"inLanguage\":\"ru-RU\",\"@id\":\"https:\/\/5ci.lt\/#\/schema\/logo\/image\/\",\"url\":\"https:\/\/5ci.lt\/wp-content\/uploads\/2018\/10\/cropped-logo.png\",\"contentUrl\":\"https:\/\/5ci.lt\/wp-content\/uploads\/2018\/10\/cropped-logo.png\",\"width\":91,\"height\":110,\"caption\":\"Penki kontinentai\"},\"image\":{\"@id\":\"https:\/\/5ci.lt\/#\/schema\/logo\/image\/\"}}]}<\/script>\n<!-- \/ Yoast SEO plugin. -->","yoast_head_json":{"title":"\u041c\u044b \u043e\u0431\u044a\u0435\u0434\u0438\u043d\u044f\u0435\u043c \u043a\u043e\u043d\u0442\u0438\u043d\u0435\u043d\u0442\u044b - Penki kontinentai","description":"Bankin\u0117s technologijos, inovatyvios mok\u0117jimo sistemos, \u0161viesolaidinio interneto, IPTV ir IT sprendimai. Mes sujungiame kontinentus!","robots":{"index":"index","follow":"follow","max-snippet":"max-snippet:-1","max-image-preview":"max-image-preview:large","max-video-preview":"max-video-preview:-1"},"canonical":"https:\/\/5ci.lt\/ru\/","og_locale":"ru_RU","og_type":"article","og_title":"\u041c\u044b \u043e\u0431\u044a\u0435\u0434\u0438\u043d\u044f\u0435\u043c \u043a\u043e\u043d\u0442\u0438\u043d\u0435\u043d\u0442\u044b - Penki kontinentai","og_description":"Bankin\u0117s technologijos, inovatyvios mok\u0117jimo sistemos, \u0161viesolaidinio interneto, IPTV ir IT sprendimai. Mes sujungiame kontinentus!","og_url":"https:\/\/5ci.lt\/ru\/","og_site_name":"Penki kontinentai","article_modified_time":"2024-07-12T07:18:58+00:00","twitter_card":"summary_large_image","schema":{"@context":"https:\/\/schema.org","@graph":[{"@type":"WebPage","@id":"https:\/\/5ci.lt\/ru\/","url":"https:\/\/5ci.lt\/ru\/","name":"\u041c\u044b \u043e\u0431\u044a\u0435\u0434\u0438\u043d\u044f\u0435\u043c \u043a\u043e\u043d\u0442\u0438\u043d\u0435\u043d\u0442\u044b - Penki kontinentai","isPartOf":{"@id":"https:\/\/5ci.lt\/#website"},"datePublished":"2018-10-31T07:48:21+00:00","dateModified":"2024-07-12T07:18:58+00:00","description":"Bankin\u0117s technologijos, inovatyvios mok\u0117jimo sistemos, \u0161viesolaidinio interneto, IPTV ir IT sprendimai. Mes sujungiame kontinentus!","breadcrumb":{"@id":"https:\/\/5ci.lt\/ru\/#breadcrumb"},"inLanguage":"ru-RU","potentialAction":[{"@type":"ReadAction","target":["https:\/\/5ci.lt\/ru\/"]}]},{"@type":"BreadcrumbList","@id":"https:\/\/5ci.lt\/ru\/#breadcrumb","itemListElement":[{"@type":"ListItem","position":1,"name":"\u041d\u0430\u0447\u0430\u043b\u043e","item":"https:\/\/5ci.lt\/ru\/"},{"@type":"ListItem","position":2,"name":"Pagrindinis"}]},{"@type":"WebSite","@id":"https:\/\/5ci.lt\/#website","url":"https:\/\/5ci.lt\/","name":"Penki kontinentai","description":"Mes sujungiame kontinentus","publisher":{"@id":"https:\/\/5ci.lt\/#organization"},"potentialAction":[{"@type":"SearchAction","target":{"@type":"EntryPoint","urlTemplate":"https:\/\/5ci.lt\/?s={search_term_string}"},"query-input":{"@type":"PropertyValueSpecification","valueRequired":true,"valueName":"search_term_string"}}],"inLanguage":"ru-RU"},{"@type":"Organization","@id":"https:\/\/5ci.lt\/#organization","name":"Penki kontinentai","url":"https:\/\/5ci.lt\/","logo":{"@type":"ImageObject","inLanguage":"ru-RU","@id":"https:\/\/5ci.lt\/#\/schema\/logo\/image\/","url":"https:\/\/5ci.lt\/wp-content\/uploads\/2018\/10\/cropped-logo.png","contentUrl":"https:\/\/5ci.lt\/wp-content\/uploads\/2018\/10\/cropped-logo.png","width":91,"height":110,"caption":"Penki kontinentai"},"image":{"@id":"https:\/\/5ci.lt\/#\/schema\/logo\/image\/"}}]}},"_links":{"self":[{"href":"https:\/\/5ci.lt\/ru\/wp-json\/wp\/v2\/pages\/1085","targetHints":{"allow":["GET"]}}],"collection":[{"href":"https:\/\/5ci.lt\/ru\/wp-json\/wp\/v2\/pages"}],"about":[{"href":"https:\/\/5ci.lt\/ru\/wp-json\/wp\/v2\/types\/page"}],"author":[{"embeddable":true,"href":"https:\/\/5ci.lt\/ru\/wp-json\/wp\/v2\/users\/1"}],"replies":[{"embeddable":true,"href":"https:\/\/5ci.lt\/ru\/wp-json\/wp\/v2\/comments?post=1085"}],"version-history":[{"count":16,"href":"https:\/\/5ci.lt\/ru\/wp-json\/wp\/v2\/pages\/1085\/revisions"}],"predecessor-version":[{"id":2353,"href":"https:\/\/5ci.lt\/ru\/wp-json\/wp\/v2\/pages\/1085\/revisions\/2353"}],"wp:attachment":[{"href":"https:\/\/5ci.lt\/ru\/wp-json\/wp\/v2\/media?parent=1085"}],"curies":[{"name":"wp","href":"https:\/\/api.w.org\/{rel}","templated":true}]}}